{"id":71,"date":"2025-05-28T10:58:30","date_gmt":"2025-05-28T08:58:30","guid":{"rendered":"https:\/\/perl-asso22.fr\/site2025\/?page_id=71"},"modified":"2025-06-19T08:16:49","modified_gmt":"2025-06-19T06:16:49","slug":"contacts","status":"publish","type":"page","link":"https:\/\/www.perl-asso22.fr\/?page_id=71","title":{"rendered":"Nous contacter"},"content":{"rendered":"\n<h3 class=\"wp-block-heading has-text-align-center has-text-color has-link-color wp-elements-97af4f2ad96bccfae08c67af9a1ddaae\" style=\"color:#d28a42\"><strong>NOUS CONTACTER<\/strong><\/h3>\n\n\n\n<hr class=\"wp-block-separator has-text-color has-background-color has-alpha-channel-opacity has-background-background-color has-background is-style-default\"\/>\n\n\n\n<div class=\"wp-block-group images-contact is-content-justification-left is-nowrap is-layout-flex wp-container-core-group-is-layout-b2c979cf wp-block-group-is-layout-flex\" style=\"margin-bottom:var(--wp--preset--spacing--50)\">\n<figure class=\"wp-block-image size-full is-resized\"><img loading=\"lazy\" decoding=\"async\" width=\"512\" height=\"512\" src=\"https:\/\/www.perl-asso22.fr\/wp-content\/uploads\/2025\/05\/5a452601546ddca7e1fcbc87-2.png\" alt=\"\" class=\"wp-image-179\" style=\"aspect-ratio:1;object-fit:cover;width:75px\" srcset=\"https:\/\/www.perl-asso22.fr\/wp-content\/uploads\/2025\/05\/5a452601546ddca7e1fcbc87-2.png 512w, https:\/\/www.perl-asso22.fr\/wp-content\/uploads\/2025\/05\/5a452601546ddca7e1fcbc87-2-300x300.png 300w, https:\/\/www.perl-asso22.fr\/wp-content\/uploads\/2025\/05\/5a452601546ddca7e1fcbc87-2-150x150.png 150w\" sizes=\"auto, (max-width: 512px) 100vw, 512px\" \/><\/figure>\n\n\n\n<p class=\"has-background-color has-text-color has-link-color has-medium-font-size wp-elements-fe469efa04ffdc997a80243b846fdf44\"><strong>06.17.52.29.79<\/strong><\/p>\n<\/div>\n\n\n\n<div class=\"wp-block-group images-contact is-content-justification-left is-nowrap is-layout-flex wp-container-core-group-is-layout-b2c979cf wp-block-group-is-layout-flex\" style=\"margin-bottom:var(--wp--preset--spacing--50)\">\n<figure class=\"wp-block-image size-full is-resized\"><img loading=\"lazy\" decoding=\"async\" width=\"980\" height=\"980\" src=\"https:\/\/www.perl-asso22.fr\/wp-content\/uploads\/2025\/05\/Email-Icon-Transparent-Images-1.png\" alt=\"\" class=\"wp-image-180\" style=\"aspect-ratio:1;object-fit:cover;width:75px\" srcset=\"https:\/\/www.perl-asso22.fr\/wp-content\/uploads\/2025\/05\/Email-Icon-Transparent-Images-1.png 980w, https:\/\/www.perl-asso22.fr\/wp-content\/uploads\/2025\/05\/Email-Icon-Transparent-Images-1-300x300.png 300w, https:\/\/www.perl-asso22.fr\/wp-content\/uploads\/2025\/05\/Email-Icon-Transparent-Images-1-150x150.png 150w, https:\/\/www.perl-asso22.fr\/wp-content\/uploads\/2025\/05\/Email-Icon-Transparent-Images-1-768x768.png 768w\" sizes=\"auto, (max-width: 980px) 100vw, 980px\" \/><\/figure>\n\n\n\n<p class=\"has-background-color has-text-color has-link-color wp-elements-8966e2bd3d79f9007306622b81ad39bf\" style=\"font-size:1.5rem\">Lyc\u00e9e F\u00e9lix Le Dantec : <strong>perl.asso22@gmail.com<\/strong><\/p>\n<\/div>\n\n\n\n<div class=\"wp-block-group images-contact is-content-justification-left is-nowrap is-layout-flex wp-container-core-group-is-layout-f56a869c wp-block-group-is-layout-flex\">\n<figure class=\"wp-block-image size-full is-resized\"><img loading=\"lazy\" decoding=\"async\" width=\"600\" height=\"600\" src=\"https:\/\/www.perl-asso22.fr\/wp-content\/uploads\/2025\/05\/building-icon-35639-1.png\" alt=\"\" class=\"wp-image-181\" style=\"aspect-ratio:1;object-fit:cover;width:75px\" srcset=\"https:\/\/www.perl-asso22.fr\/wp-content\/uploads\/2025\/05\/building-icon-35639-1.png 600w, https:\/\/www.perl-asso22.fr\/wp-content\/uploads\/2025\/05\/building-icon-35639-1-300x300.png 300w, https:\/\/www.perl-asso22.fr\/wp-content\/uploads\/2025\/05\/building-icon-35639-1-150x150.png 150w\" sizes=\"auto, (max-width: 600px) 100vw, 600px\" \/><\/figure>\n\n\n\n<p class=\"has-background-color has-text-color has-link-color wp-elements-04173ba2313d1a255688fa50f8abd07a\" style=\"font-size:1.5rem\"><strong>Association PERL<\/strong><br><strong>Au Lyc\u00e9e F\u00e9lix le Dantec<br>Rue des Cordiers<br>22300 LANNION<\/strong><\/p>\n<\/div>\n\n\n\n<hr class=\"wp-block-separator has-text-color has-alpha-channel-opacity has-background\" style=\"background-color:#293f56;color:#293f56\"\/>\n\n\n\n<h3 class=\"wp-block-heading has-text-align-center has-text-color has-link-color wp-elements-09699e9060225fa036adbcfe39ea9741\" style=\"color:#d28a42\"><strong>NOUS ENVOYER UN MAIL<\/strong><\/h3>\n\n\n\n<hr class=\"wp-block-separator has-alpha-channel-opacity\"\/>\n\n\n<style id=\"wpforms-css-vars-153-block-32f3cdd6-e934-4bf9-a295-0ee72a6a4933\">\n\t\t\t\t#wpforms-153.wpforms-block-32f3cdd6-e934-4bf9-a295-0ee72a6a4933 {\n\t\t\t\t--wpforms-field-size-input-height: 31px;\n--wpforms-field-size-input-spacing: 10px;\n--wpforms-field-size-font-size: 14px;\n--wpforms-field-size-line-height: 17px;\n--wpforms-field-size-padding-h: 9px;\n--wpforms-field-size-checkbox-size: 14px;\n--wpforms-field-size-sublabel-spacing: 5px;\n--wpforms-field-size-icon-size: 0.75;\n--wpforms-label-size-font-size: 16px;\n--wpforms-label-size-line-height: 19px;\n--wpforms-label-size-sublabel-font-size: 14px;\n--wpforms-label-size-sublabel-line-height: 17px;\n--wpforms-button-size-font-size: 17px;\n--wpforms-button-size-height: 41px;\n--wpforms-button-size-padding-h: 15px;\n--wpforms-button-size-margin-top: 10px;\n\t\t\t}\n\t\t\t<\/style><div class=\"wpforms-container wpforms-container-full wpforms-block wpforms-block-32f3cdd6-e934-4bf9-a295-0ee72a6a4933 wpforms-render-modern\" id=\"wpforms-153\"><form id=\"wpforms-form-153\" class=\"wpforms-validate wpforms-form wpforms-ajax-form\" data-formid=\"153\" method=\"post\" enctype=\"multipart\/form-data\" action=\"\/index.php?rest_route=%2Fwp%2Fv2%2Fpages%2F71\" data-token=\"938014e1051c8bf9bcdc1f01fdcc4b77\" data-token-time=\"1777795434\"><noscript class=\"wpforms-error-noscript\">Veuillez activer JavaScript dans votre navigateur pour remplir ce formulaire.<\/noscript><div id=\"wpforms-error-noscript\" style=\"display: none;\">Veuillez activer JavaScript dans votre navigateur pour remplir ce formulaire.<\/div><div class=\"wpforms-field-container\">\t\t<div id=\"wpforms-153-field_5-container\"\n\t\t\tclass=\"wpforms-field wpforms-field-text\"\n\t\t\tdata-field-type=\"text\"\n\t\t\tdata-field-id=\"5\"\n\t\t\t>\n\t\t\t<label class=\"wpforms-field-label\" for=\"wpforms-153-field_5\" >Mail et la<\/label>\n\t\t\t<input type=\"text\" id=\"wpforms-153-field_5\" class=\"wpforms-field-medium\" name=\"wpforms[fields][5]\" >\n\t\t<\/div>\n\t\t<div id=\"wpforms-153-field_1-container\" class=\"wpforms-field wpforms-field-name\" data-field-id=\"1\"><label class=\"wpforms-field-label wpforms-label-hide\" for=\"wpforms-153-field_1\" aria-hidden=\"false\">NOM et Pr\u00e9nom <span class=\"wpforms-required-label\" aria-hidden=\"true\">*<\/span><\/label><input type=\"text\" id=\"wpforms-153-field_1\" class=\"wpforms-field-large wpforms-field-required\" name=\"wpforms[fields][1]\" placeholder=\"NOM et Pr\u00e9nom\" aria-errormessage=\"wpforms-153-field_1-error\" required><\/div><div id=\"wpforms-153-field_2-container\" class=\"wpforms-field wpforms-field-email\" data-field-id=\"2\"><label class=\"wpforms-field-label wpforms-label-hide\" for=\"wpforms-153-field_2\" aria-hidden=\"false\">Adresse Mail <span class=\"wpforms-required-label\" aria-hidden=\"true\">*<\/span><\/label><input type=\"email\" id=\"wpforms-153-field_2\" class=\"wpforms-field-large wpforms-field-required\" name=\"wpforms[fields][2]\" placeholder=\"Adresse Mail\" spellcheck=\"false\" aria-errormessage=\"wpforms-153-field_2-error\" required><\/div><div id=\"wpforms-153-field_4-container\" class=\"wpforms-field wpforms-field-text\" data-field-id=\"4\"><label class=\"wpforms-field-label wpforms-label-hide\" for=\"wpforms-153-field_4\" aria-hidden=\"false\">Num\u00e9ro de t\u00e9l\u00e9phone (facultatif)<\/label><input type=\"text\" id=\"wpforms-153-field_4\" class=\"wpforms-field-large wpforms-limit-characters-enabled\" data-form-id=\"153\" data-field-id=\"4\" data-text-limit=\"10\" name=\"wpforms[fields][4]\" placeholder=\"Num\u00e9ro de t\u00e9l\u00e9phone\" aria-errormessage=\"wpforms-153-field_4-error\" maxlength=\"10\" ><\/div><div id=\"wpforms-153-field_3-container\" class=\"wpforms-field wpforms-field-textarea\" data-field-id=\"3\"><label class=\"wpforms-field-label wpforms-label-hide\" for=\"wpforms-153-field_3\" aria-hidden=\"false\">Message pour la PERL <span class=\"wpforms-required-label\" aria-hidden=\"true\">*<\/span><\/label><textarea id=\"wpforms-153-field_3\" class=\"wpforms-field-medium wpforms-field-required\" name=\"wpforms[fields][3]\" placeholder=\"Saisissez votre message \u00e0 envoyer \u00e0 la PERL\" aria-errormessage=\"wpforms-153-field_3-error\" required><\/textarea><\/div><script>\n\t\t\t\t( function() {\n\t\t\t\t\tconst style = document.createElement( 'style' );\n\t\t\t\t\tstyle.appendChild( document.createTextNode( '#wpforms-153-field_5-container { position: absolute !important; overflow: hidden !important; display: inline !important; height: 1px !important; width: 1px !important; z-index: -1000 !important; padding: 0 !important; } #wpforms-153-field_5-container input { visibility: hidden; } #wpforms-conversational-form-page #wpforms-153-field_5-container label { counter-increment: none; }' ) );\n\t\t\t\t\tdocument.head.appendChild( style );\n\t\t\t\t\tdocument.currentScript?.remove();\n\t\t\t\t} )();\n\t\t\t<\/script><\/div><!-- .wpforms-field-container --><div class=\"wpforms-recaptcha-container wpforms-is-recaptcha wpforms-is-recaptcha-type-v2\" ><div class=\"g-recaptcha\" data-sitekey=\"6LfOqkwrAAAAAGxdwOSYd-DBfiQfkj_QcqurIKUF\"><\/div><input type=\"text\" name=\"g-recaptcha-hidden\" class=\"wpforms-recaptcha-hidden\" style=\"position:absolute!important;clip:rect(0,0,0,0)!important;height:1px!important;width:1px!important;border:0!important;overflow:hidden!important;padding:0!important;margin:0!important;\" data-rule-recaptcha=\"1\"><\/div><div class=\"wpforms-submit-container\" ><input type=\"hidden\" name=\"wpforms[id]\" value=\"153\"><input type=\"hidden\" name=\"page_title\" value=\"\"><input type=\"hidden\" name=\"page_url\" value=\"https:\/\/www.perl-asso22.fr\/index.php?rest_route=\/wp\/v2\/pages\/71\"><input type=\"hidden\" name=\"url_referer\" value=\"\"><button type=\"submit\" name=\"wpforms[submit]\" id=\"wpforms-submit-153\" class=\"wpforms-submit\" data-alt-text=\"Envoi...\" data-submit-text=\"Envoyer\" aria-live=\"assertive\" value=\"wpforms-submit\">Envoyer<\/button><img loading=\"lazy\" decoding=\"async\" src=\"https:\/\/www.perl-asso22.fr\/wp-content\/plugins\/wpforms-lite\/assets\/images\/submit-spin.svg\" class=\"wpforms-submit-spinner\" style=\"display: none;\" width=\"26\" height=\"26\" alt=\"Chargement en cours\"><\/div><\/form><\/div>  <!-- .wpforms-container -->\n\n<p><script src='https:\/\/www.google.com\/recaptcha\/api.js?hl=fr'><\/script><\/p>\n\n\n\n<p><\/p>\n","protected":false},"excerpt":{"rendered":"<p>NOUS CONTACTER 06.17.52.29.79 Lyc\u00e9e F\u00e9lix Le Dantec : perl.asso22@gmail.com Association PERLAu Lyc\u00e9e F\u00e9lix le DantecRue des Cordiers22300 LANNION NOUS ENVOYER &hellip; <\/p>\n<p><a class=\"more-link btn\" href=\"https:\/\/www.perl-asso22.fr\/?page_id=71\">Lire la suite<\/a><\/p>\n","protected":false},"author":1,"featured_media":0,"parent":918,"menu_order":0,"comment_status":"closed","ping_status":"closed","template":"","meta":{"iawp_total_views":207,"footnotes":""},"class_list":["post-71","page","type-page","status-publish","hentry","nodate","item-wrap"],"_links":{"self":[{"href":"https:\/\/www.perl-asso22.fr\/index.php?rest_route=\/wp\/v2\/pages\/71","targetHints":{"allow":["GET"]}}],"collection":[{"href":"https:\/\/www.perl-asso22.fr\/index.php?rest_route=\/wp\/v2\/pages"}],"about":[{"href":"https:\/\/www.perl-asso22.fr\/index.php?rest_route=\/wp\/v2\/types\/page"}],"author":[{"embeddable":true,"href":"https:\/\/www.perl-asso22.fr\/index.php?rest_route=\/wp\/v2\/users\/1"}],"replies":[{"embeddable":true,"href":"https:\/\/www.perl-asso22.fr\/index.php?rest_route=%2Fwp%2Fv2%2Fcomments&post=71"}],"version-history":[{"count":84,"href":"https:\/\/www.perl-asso22.fr\/index.php?rest_route=\/wp\/v2\/pages\/71\/revisions"}],"predecessor-version":[{"id":1955,"href":"https:\/\/www.perl-asso22.fr\/index.php?rest_route=\/wp\/v2\/pages\/71\/revisions\/1955"}],"up":[{"embeddable":true,"href":"https:\/\/www.perl-asso22.fr\/index.php?rest_route=\/wp\/v2\/pages\/918"}],"wp:attachment":[{"href":"https:\/\/www.perl-asso22.fr\/index.php?rest_route=%2Fwp%2Fv2%2Fmedia&parent=71"}],"curies":[{"name":"wp","href":"https:\/\/api.w.org\/{rel}","templated":true}]}}