{"id":279,"date":"2025-05-28T11:01:03","date_gmt":"2025-05-28T09:01:03","guid":{"rendered":"https:\/\/perl-asso22.fr\/site2025\/?page_id=279"},"modified":"2025-06-27T14:17:14","modified_gmt":"2025-06-27T12:17:14","slug":"mentions-legales","status":"publish","type":"page","link":"https:\/\/www.perl-asso22.fr\/?page_id=279","title":{"rendered":"Mentions l\u00e9gales"},"content":{"rendered":"\n<h3 class=\"wp-block-heading has-text-align-center has-text-color has-link-color wp-elements-b1c185443d443226757f3cbee0bcb316\" style=\"color:#d28a42;text-transform:uppercase\"><strong>Mentions l\u00e9gales<\/strong><\/h3>\n\n\n\n<hr class=\"wp-block-separator has-alpha-channel-opacity\"\/>\n\n\n\n<h3 class=\"wp-block-heading has-text-align-center has-text-color has-link-color has-large-font-size wp-elements-9a2f92e77fa2575d13489ab57793e30b\" style=\"color:#d28a42;text-transform:uppercase\">Identification :<\/h3>\n\n\n\n<p class=\"has-text-align-left has-background-color has-text-color has-link-color has-large-font-size wp-elements-ade6804a162158ec87a783f67a314dc1\"><strong>Nom du site : PERL &#8211; Parents d&rsquo;El\u00e8ves de la R\u00e9gion de Lannion<br>URL compl\u00e8te du site : https:\/\/www.perl-asso22.fr<br>Propri\u00e9taire du site : Association PERL, Lyc\u00e9e F\u00e9lix Le Dantec \u00e0 LANNION (22)<br>Adresse mail :\u00a0perl.asso22@gmail.com<\/strong><br><strong>Ce site a \u00e9t\u00e9 fait par : FROMENTEAUX Lucas, stagiaire de la PERL pendant l&rsquo;ann\u00e9e scolaire 2024\/2025<\/strong><\/p>\n\n\n\n<div style=\"height:10px\" aria-hidden=\"true\" class=\"wp-block-spacer\"><\/div>\n\n\n\n<h3 class=\"wp-block-heading has-text-align-center has-text-color has-link-color has-large-font-size wp-elements-66eb7caef91278908e9d517ab43066ae\" style=\"color:#d28a42;text-transform:uppercase\">Publication :<\/h3>\n\n\n\n<p class=\"has-text-align-left has-background-color has-text-color has-link-color has-large-font-size wp-elements-c6d3cd2e21f82ced14bd3885b6867ed1\"><strong>Directeur de publication, conception et webmaster : SECR\u00c9TARIAT PERL<\/strong><\/p>\n\n\n\n<div style=\"height:10px\" aria-hidden=\"true\" class=\"wp-block-spacer\"><\/div>\n\n\n\n<h3 class=\"wp-block-heading has-text-align-center has-text-color has-link-color has-large-font-size wp-elements-a2a743f9ab63a60f5f14e033304f9fee\" style=\"color:#d28a42;text-transform:uppercase\">H\u00e9bergement :<\/h3>\n\n\n\n<p class=\"has-text-align-left has-background-color has-text-color has-link-color has-large-font-size wp-elements-5434b4108dc16c466eac42dfd700d3c9\"><strong>OVH<\/strong><\/p>\n\n\n\n<p><\/p>\n","protected":false},"excerpt":{"rendered":"<p>Mentions l\u00e9gales Identification : Nom du site : PERL &#8211; Parents d&rsquo;El\u00e8ves de la R\u00e9gion de LannionURL compl\u00e8te du site &hellip; <\/p>\n<p><a class=\"more-link btn\" href=\"https:\/\/www.perl-asso22.fr\/?page_id=279\">Lire la suite<\/a><\/p>\n","protected":false},"author":1,"featured_media":0,"parent":0,"menu_order":100,"comment_status":"closed","ping_status":"closed","template":"","meta":{"iawp_total_views":32,"footnotes":""},"class_list":["post-279","page","type-page","status-publish","hentry","nodate","item-wrap"],"_links":{"self":[{"href":"https:\/\/www.perl-asso22.fr\/index.php?rest_route=\/wp\/v2\/pages\/279","targetHints":{"allow":["GET"]}}],"collection":[{"href":"https:\/\/www.perl-asso22.fr\/index.php?rest_route=\/wp\/v2\/pages"}],"about":[{"href":"https:\/\/www.perl-asso22.fr\/index.php?rest_route=\/wp\/v2\/types\/page"}],"author":[{"embeddable":true,"href":"https:\/\/www.perl-asso22.fr\/index.php?rest_route=\/wp\/v2\/users\/1"}],"replies":[{"embeddable":true,"href":"https:\/\/www.perl-asso22.fr\/index.php?rest_route=%2Fwp%2Fv2%2Fcomments&post=279"}],"version-history":[{"count":12,"href":"https:\/\/www.perl-asso22.fr\/index.php?rest_route=\/wp\/v2\/pages\/279\/revisions"}],"predecessor-version":[{"id":2064,"href":"https:\/\/www.perl-asso22.fr\/index.php?rest_route=\/wp\/v2\/pages\/279\/revisions\/2064"}],"wp:attachment":[{"href":"https:\/\/www.perl-asso22.fr\/index.php?rest_route=%2Fwp%2Fv2%2Fmedia&parent=279"}],"curies":[{"name":"wp","href":"https:\/\/api.w.org\/{rel}","templated":true}]}}