{"id":1298,"date":"2025-06-11T14:36:30","date_gmt":"2025-06-11T12:36:30","guid":{"rendered":"https:\/\/perl-asso22.fr\/site2025\/?page_id=1298"},"modified":"2026-02-13T15:09:45","modified_gmt":"2026-02-13T14:09:45","slug":"enseignement-superieur","status":"publish","type":"page","link":"https:\/\/www.perl-asso22.fr\/?page_id=1298","title":{"rendered":"Enseignement Sup\u00e9rieur"},"content":{"rendered":"\n<h3 class=\"wp-block-heading has-text-align-center has-text-color has-link-color wp-elements-44f0b4c327ca6df03f444dc94ce8f0e0\" style=\"color:#d28a42\">ACHAT <strong>MANUELS SCOLAIRES<\/strong><br><strong>BTS F\u00c9LIX LE DANTEC<\/strong><\/h3>\n\n\n\n<hr class=\"wp-block-separator has-alpha-channel-opacity\"\/>\n\n\n\n<p class=\"has-text-align-left\">L\u2019association des Parents d\u2019El\u00e8ves de la R\u00e9gion de Lannion propose aux \u00e9tudiants de BTS du Lyc\u00e9e F\u00e9lix Le Dantec de<br>b\u00e9n\u00e9ficier de tarifs pr\u00e9f\u00e9rentiels pour l\u2019achat des manuels scolaires n\u00e9cessaires durant leurs \u00e9tudes.<\/p>\n\n\n\n<p class=\"has-text-align-left\">T\u00e9l\u00e9charger le bon de commande : <a href=\"http:\/\/perl-asso22.fr\/wp-content\/uploads\/2025\/06\/PERL-Fiche-Enseignement-Superieur-LYCEE-2025-26.pdf\" target=\"_blank\" rel=\"noreferrer noopener\"><mark style=\"background-color:rgba(0, 0, 0, 0)\" class=\"has-inline-color has-vivid-cyan-blue-color\">ICI<\/mark><\/a><\/p>\n","protected":false},"excerpt":{"rendered":"<p>ACHAT MANUELS SCOLAIRESBTS F\u00c9LIX LE DANTEC L\u2019association des Parents d\u2019El\u00e8ves de la R\u00e9gion de Lannion propose aux \u00e9tudiants de BTS &hellip; <\/p>\n<p><a class=\"more-link btn\" href=\"https:\/\/www.perl-asso22.fr\/?page_id=1298\">Lire la suite<\/a><\/p>\n","protected":false},"author":1,"featured_media":0,"parent":0,"menu_order":6,"comment_status":"closed","ping_status":"closed","template":"","meta":{"iawp_total_views":65,"footnotes":""},"class_list":["post-1298","page","type-page","status-publish","hentry","nodate","item-wrap"],"_links":{"self":[{"href":"https:\/\/www.perl-asso22.fr\/index.php?rest_route=\/wp\/v2\/pages\/1298","targetHints":{"allow":["GET"]}}],"collection":[{"href":"https:\/\/www.perl-asso22.fr\/index.php?rest_route=\/wp\/v2\/pages"}],"about":[{"href":"https:\/\/www.perl-asso22.fr\/index.php?rest_route=\/wp\/v2\/types\/page"}],"author":[{"embeddable":true,"href":"https:\/\/www.perl-asso22.fr\/index.php?rest_route=\/wp\/v2\/users\/1"}],"replies":[{"embeddable":true,"href":"https:\/\/www.perl-asso22.fr\/index.php?rest_route=%2Fwp%2Fv2%2Fcomments&post=1298"}],"version-history":[{"count":7,"href":"https:\/\/www.perl-asso22.fr\/index.php?rest_route=\/wp\/v2\/pages\/1298\/revisions"}],"predecessor-version":[{"id":1973,"href":"https:\/\/www.perl-asso22.fr\/index.php?rest_route=\/wp\/v2\/pages\/1298\/revisions\/1973"}],"wp:attachment":[{"href":"https:\/\/www.perl-asso22.fr\/index.php?rest_route=%2Fwp%2Fv2%2Fmedia&parent=1298"}],"curies":[{"name":"wp","href":"https:\/\/api.w.org\/{rel}","templated":true}]}}