{"id":1296,"date":"2025-06-11T14:27:56","date_gmt":"2025-06-11T12:27:56","guid":{"rendered":"https:\/\/perl-asso22.fr\/site2025\/?page_id=1296"},"modified":"2025-10-31T06:35:24","modified_gmt":"2025-10-31T05:35:24","slug":"membres-des-commissions-et-comites","status":"publish","type":"page","link":"https:\/\/www.perl-asso22.fr\/?page_id=1296","title":{"rendered":"Membres des Commissions et Comit\u00e9s"},"content":{"rendered":"\n<h3 class=\"wp-block-heading has-text-align-center has-text-color has-link-color wp-elements-4637fc64c93ba6c6521d1e5164c46125\" style=\"color:#d28a42;text-transform:uppercase\">MEMBRES DES COMMISSIONS<br>Coll\u00e8ge YVES COPPENS<\/h3>\n\n\n\n<hr class=\"wp-block-separator has-alpha-channel-opacity\"\/>\n\n\n\n<p class=\"has-text-align-center\">A VENIR : T\u00e9l\u00e9chargez le tableau de la composition des instances du Coll\u00e8ge Yves Coppens 2025\/2026.<\/p>\n","protected":false},"excerpt":{"rendered":"<p>MEMBRES DES COMMISSIONSColl\u00e8ge YVES COPPENS A VENIR : T\u00e9l\u00e9chargez le tableau de la composition des instances du Coll\u00e8ge Yves Coppens &hellip; <\/p>\n<p><a class=\"more-link btn\" href=\"https:\/\/www.perl-asso22.fr\/?page_id=1296\">Lire la suite<\/a><\/p>\n","protected":false},"author":1,"featured_media":0,"parent":1285,"menu_order":3,"comment_status":"closed","ping_status":"closed","template":"","meta":{"iawp_total_views":14,"footnotes":""},"class_list":["post-1296","page","type-page","status-publish","hentry","nodate","item-wrap"],"_links":{"self":[{"href":"https:\/\/www.perl-asso22.fr\/index.php?rest_route=\/wp\/v2\/pages\/1296","targetHints":{"allow":["GET"]}}],"collection":[{"href":"https:\/\/www.perl-asso22.fr\/index.php?rest_route=\/wp\/v2\/pages"}],"about":[{"href":"https:\/\/www.perl-asso22.fr\/index.php?rest_route=\/wp\/v2\/types\/page"}],"author":[{"embeddable":true,"href":"https:\/\/www.perl-asso22.fr\/index.php?rest_route=\/wp\/v2\/users\/1"}],"replies":[{"embeddable":true,"href":"https:\/\/www.perl-asso22.fr\/index.php?rest_route=%2Fwp%2Fv2%2Fcomments&post=1296"}],"version-history":[{"count":2,"href":"https:\/\/www.perl-asso22.fr\/index.php?rest_route=\/wp\/v2\/pages\/1296\/revisions"}],"predecessor-version":[{"id":2248,"href":"https:\/\/www.perl-asso22.fr\/index.php?rest_route=\/wp\/v2\/pages\/1296\/revisions\/2248"}],"up":[{"embeddable":true,"href":"https:\/\/www.perl-asso22.fr\/index.php?rest_route=\/wp\/v2\/pages\/1285"}],"wp:attachment":[{"href":"https:\/\/www.perl-asso22.fr\/index.php?rest_route=%2Fwp%2Fv2%2Fmedia&parent=1296"}],"curies":[{"name":"wp","href":"https:\/\/api.w.org\/{rel}","templated":true}]}}