{"id":1133,"date":"2025-06-10T10:43:17","date_gmt":"2025-06-10T08:43:17","guid":{"rendered":"https:\/\/perl-asso22.fr\/site2025\/?page_id=1133"},"modified":"2025-06-19T08:28:35","modified_gmt":"2025-06-19T06:28:35","slug":"charles-le-goffic","status":"publish","type":"page","link":"https:\/\/www.perl-asso22.fr\/?page_id=1133","title":{"rendered":"Charles Le Goffic"},"content":{"rendered":"\n<meta http-equiv=\"refresh\" content=\"0; url=https:\/\/perl-asso22.fr\/?page_id=1114\/\" \/>\n\n\n\n<h3 class=\"wp-block-heading has-text-align-center has-text-color has-link-color wp-elements-0da399cab149bd03ba899f7fac93f72d\" style=\"color:#d28a42\"><strong>ADH\u00c9SION PERL<\/strong><br>COLL\u00c8GE CHARLES LE GOFFIC<\/h3>\n\n\n\n<hr class=\"wp-block-separator has-alpha-channel-opacity\"\/>\n\n\n\n<p class=\"has-text-align-left has-text-color has-link-color wp-elements-61effc612c268da8ce547ee4c1453b32\" style=\"color:#d28a42\"><span style=\"text-decoration: underline;\"><strong>Au coll\u00e8ge :<\/strong><\/span><\/p>\n\n\n\n<p class=\"has-text-align-left has-background-color has-text-color has-link-color wp-elements-0523afbcc4e07d40fb8391f111e429fd\">Une adh\u00e9sion de 5\u20ac par famille est demand\u00e9e.<\/p>\n\n\n\n<p class=\"has-text-align-left has-vivid-cyan-blue-color has-text-color has-link-color wp-elements-41b038a85d861eca0e2bf6a5c2311e10\"><a href=\"https:\/\/perl-asso22.fr\/wp-content\/uploads\/2025\/06\/PERL-Fiche-adhesion-college-Le-Goffic-2025-26.pdf\" data-type=\"link\" data-id=\"https:\/\/perl-asso22.fr\/site2025\/wp-content\/uploads\/2025\/06\/PERL-Fiche-adhesion-college-Le-Goffic-2025-26.pdf\" target=\"_blank\" rel=\"noreferrer noopener\">T\u00e9l\u00e9chargez le dossier d&rsquo;adh\u00e9sion 2025\/2026 pour le coll\u00e8ge Charles Le Goffic \u00e0 Lannion.<\/a><\/p>\n\n\n\n<p><\/p>\n","protected":false},"excerpt":{"rendered":"<p>ADH\u00c9SION PERLCOLL\u00c8GE CHARLES LE GOFFIC Au coll\u00e8ge : Une adh\u00e9sion de 5\u20ac par famille est demand\u00e9e. T\u00e9l\u00e9chargez le dossier d&rsquo;adh\u00e9sion &hellip; <\/p>\n<p><a class=\"more-link btn\" href=\"https:\/\/www.perl-asso22.fr\/?page_id=1133\">Lire la suite<\/a><\/p>\n","protected":false},"author":1,"featured_media":0,"parent":1131,"menu_order":0,"comment_status":"closed","ping_status":"closed","template":"","meta":{"iawp_total_views":23,"footnotes":""},"class_list":["post-1133","page","type-page","status-publish","hentry","nodate","item-wrap"],"_links":{"self":[{"href":"https:\/\/www.perl-asso22.fr\/index.php?rest_route=\/wp\/v2\/pages\/1133","targetHints":{"allow":["GET"]}}],"collection":[{"href":"https:\/\/www.perl-asso22.fr\/index.php?rest_route=\/wp\/v2\/pages"}],"about":[{"href":"https:\/\/www.perl-asso22.fr\/index.php?rest_route=\/wp\/v2\/types\/page"}],"author":[{"embeddable":true,"href":"https:\/\/www.perl-asso22.fr\/index.php?rest_route=\/wp\/v2\/users\/1"}],"replies":[{"embeddable":true,"href":"https:\/\/www.perl-asso22.fr\/index.php?rest_route=%2Fwp%2Fv2%2Fcomments&post=1133"}],"version-history":[{"count":6,"href":"https:\/\/www.perl-asso22.fr\/index.php?rest_route=\/wp\/v2\/pages\/1133\/revisions"}],"predecessor-version":[{"id":1966,"href":"https:\/\/www.perl-asso22.fr\/index.php?rest_route=\/wp\/v2\/pages\/1133\/revisions\/1966"}],"up":[{"embeddable":true,"href":"https:\/\/www.perl-asso22.fr\/index.php?rest_route=\/wp\/v2\/pages\/1131"}],"wp:attachment":[{"href":"https:\/\/www.perl-asso22.fr\/index.php?rest_route=%2Fwp%2Fv2%2Fmedia&parent=1133"}],"curies":[{"name":"wp","href":"https:\/\/api.w.org\/{rel}","templated":true}]}}